{"id":3645,"date":"2021-07-27T21:53:15","date_gmt":"2021-07-27T21:53:15","guid":{"rendered":"https:\/\/www.cosmodent.hu\/altalanos-szerzodesi-feltetelek\/"},"modified":"2025-10-17T13:40:38","modified_gmt":"2025-10-17T13:40:38","slug":"altalanos-szerzodesi-feltetelek","status":"publish","type":"page","link":"https:\/\/www.cosmodent.hu\/da\/altalanos-szerzodesi-feltetelek\/","title":{"rendered":"Generelle vilk\u00e5r og betingelser"},"content":{"rendered":"[vc_row type=&#8221;in_container&#8221; full_screen_row_position=&#8221;middle&#8221; column_margin=&#8221;default&#8221; column_direction=&#8221;default&#8221; column_direction_tablet=&#8221;default&#8221; column_direction_phone=&#8221;default&#8221; scene_position=&#8221;center&#8221; text_color=&#8221;dark&#8221; text_align=&#8221;left&#8221; row_border_radius=&#8221;none&#8221; row_border_radius_applies=&#8221;bg&#8221; overlay_strength=&#8221;0.3&#8243; gradient_direction=&#8221;left_to_right&#8221; shape_divider_position=&#8221;bottom&#8221; bg_image_animation=&#8221;none&#8221;][vc_column column_padding=&#8221;no-extra-padding&#8221; column_padding_tablet=&#8221;inherit&#8221; column_padding_phone=&#8221;inherit&#8221; column_padding_position=&#8221;all&#8221; column_element_spacing=&#8221;default&#8221; background_color_opacity=&#8221;1&#8243; background_hover_color_opacity=&#8221;1&#8243; column_shadow=&#8221;none&#8221; column_border_radius=&#8221;none&#8221; column_link_target=&#8221;_self&#8221; gradient_direction=&#8221;left_to_right&#8221; overlay_strength=&#8221;0.3&#8243; width=&#8221;1\/1&#8243; tablet_width_inherit=&#8221;default&#8221; tablet_text_alignment=&#8221;default&#8221; phone_text_alignment=&#8221;default&#8221; bg_image_animation=&#8221;none&#8221; border_type=&#8221;simple&#8221; column_border_width=&#8221;none&#8221; column_border_style=&#8221;solid&#8221;][vc_column_text]\n<div class=\"main-content\" data-content-field=\"main-content\" data-collection-id=\"5b069a05352f537faa958520\" data-edit-main-image=\"Page Banner\">\n<div id=\"page-5b069a05352f537faa958520\" class=\"sqs-layout sqs-grid-12 columns-12\" data-type=\"page\" data-updated-on=\"1588165898138\">\n<div class=\"row sqs-row\">\n<div class=\"col sqs-col-12 span-12\">\n<div id=\"block-6148fd663667183e8ccd\" class=\"sqs-block html-block sqs-block-html\" data-block-type=\"2\">\n<div class=\"sqs-block-content\">\n<h3>1. A SZOLG\u00c1LTAT\u00d3<\/h3>\n<p class=\"\">1.1 A szolg\u00e1ltat\u00f3 Cosmodent Kft. (sz\u00e9khelye, szolg\u00e1ltat\u00e1s helye: 1118, Budapest Buda\u00f6rsi \u00fat 9., ad\u00f3sz\u00e1m 23329487-2-43) \u00fagy nyilatkozik, hogy az eg\u00e9szs\u00e9g\u00fcgyi szolg\u00e1ltat\u00e1sok ny\u00fajt\u00e1s\u00e1hoz sz\u00fcks\u00e9ges szakmai, hat\u00f3s\u00e1gi, m\u0171k\u00f6d\u00e9si enged\u00e9lyekkel, felt\u00e9telekkel, a tev\u00e9kenys\u00e9ge folytat\u00e1s\u00e1hoz kapcsol\u00f3d\u00f3an orvosi felel\u0151ss\u00e9gbiztos\u00edt\u00e1si szerz\u0151d\u00e9ssel rendelkezik, amely az \u00e9rdekk\u00f6r\u00e9ben elj\u00e1r\u00f3kra is kiterjed. A Szolg\u00e1ltat\u00f3 a p\u00e1ciens r\u00e9sz\u00e9re a p\u00e1ciens egyedi ig\u00e9nyeinek megfelel\u0151 eg\u00e9szs\u00e9g\u00fcgyi szolg\u00e1ltat\u00e1st ny\u00fajt.<\/p>\n<h3>2. A MEGRENDEL\u0150<\/h3>\n<p class=\"\">2.1 A megrendel\u0151 az adatbek\u00e9r\u0151 anamn\u00e9zis lapon megnevezett, a kezel\u00e9st ig\u00e9nybe vev\u0151 p\u00e1ciens (a tov\u00e1bbiakban: \u201eMegrendel\u0151\u201d). Kiskor\u00fa vagy cselekv\u0151k\u00e9pess\u00e9g\u00e9ben korl\u00e1tozott szem\u00e9ly kezel\u00e9se eset\u00e9n a t\u00f6rv\u00e9nyes k\u00e9pvisel\u0151 al\u00e1\u00edr\u00e1sa \u00e9s hozz\u00e1j\u00e1rul\u00e1s sz\u00fcks\u00e9ges a szolg\u00e1ltat\u00e1si szerz\u0151d\u00e9s l\u00e9trej\u00f6tt\u00e9hez.<\/p>\n<p class=\"\">2.2 A Megrendel\u0151 a kezel\u00e9si terv, illetve az adatbek\u00e9r\u0151 anamn\u00e9zis lap al\u00e1\u00edr\u00e1s\u00e1val elismeri, hogy az \u00c1ltal\u00e1nos Szerz\u0151d\u00e9s Felt\u00e9teleket (a tov\u00e1bbiakban: \u201e\u00c1SZF\u201d) megismerte, elolvasta, meg\u00e9rtette, az abban foglaltakat mag\u00e1ra n\u00e9zve k\u00f6telez\u0151nek fogadja el.<\/p>\n<h3>3. A SZOLG\u00c1LTAT\u00c1S ELLEN\u00c9RT\u00c9KE<\/h3>\n<p class=\"\">3.1. Jelen \u00c1SZF, az adatbek\u00e9r\u0151 anamn\u00e9zis lap, a kezel\u00e9si terv, a Megrendel\u0151 nyilatkozatai, a Szolg\u00e1ltat\u00f3 tev\u00e9kenys\u00e9g\u00e9hez sz\u00fcks\u00e9ges valamennyi okirat, amelyet a Megrendel\u0151 al\u00e1\u00edr\u00e1s\u00e1val ell\u00e1t vagy amelyet a Megrendel\u0151 a Szolg\u00e1ltat\u00f3 r\u00e9sz\u00e9re szem\u00e9lyesen \u00e1tad a kezel\u00e9sek el\u0151tt, egy\u00fcttesen tartalmazz\u00e1k a Megrendel\u0151 \u00e9s a Szolg\u00e1ltat\u00f3 k\u00f6z\u00f6tti szolg\u00e1ltat\u00e1si szerz\u0151d\u00e9st (a tov\u00e1bbiakban: \u201eSzerz\u0151d\u00e9s\u201d).<\/p>\n<p class=\"\">3.2. Az \u00c1SZF hat\u00e1lya kiterjed valamennyi a felek \u00e1ltal a kezel\u00e9si terv (a tov\u00e1bbiakban: \u201eKT\u201d) illetve a Szerz\u0151d\u00e9s al\u00e1\u00edr\u00e1s\u00e1t megel\u0151z\u0151en, illetve az al\u00e1\u00edr\u00e1st k\u00f6vet\u0151en k\u00f6t\u00f6tt, fog\u00e1szati, sz\u00e1jseb\u00e9szeti \u00e9s fogtechnikai szolg\u00e1ltat\u00e1sok ny\u00fajt\u00e1s\u00e1ra vonatkoz\u00f3 valamennyi szerz\u0151d\u00e9s l\u00e9trej\u00f6tt\u00e9re, teljes\u00edt\u00e9s\u00e9re, valamint b\u00e1rmely egy\u00e9ni speci\u00e1lis szerz\u0151d\u00e9sekb\u0151l ered\u0151 ig\u00e9nyek \u00e9rv\u00e9nyes\u00edt\u00e9s\u00e9re.<\/p>\n<p class=\"\">3.3. A felek a Megrendel\u0151 \u00e1ltal v\u00e1lasztott fogorvosi j\u00e1r\u00f3beteg-ell\u00e1t\u00e1si szolg\u00e1ltat\u00e1sokat, valamint az ehhez sz\u00fcks\u00e9ges anyagok megrendel\u00e9s\u00e9t, a kezel\u00e9s tartalm\u00e1t a KT, a jelen \u00c1SZF \u00e9s a Szerz\u0151d\u00e9s szerinti tartalommal hat\u00e1rozz\u00e1k meg. A KT tartalmazza a Szolg\u00e1ltat\u00f3 \u00e1raj\u00e1nlat\u00e1t a javasolt vizsg\u00e1latokra \u00e9s kezel\u00e9sekre vonatkoz\u00f3an.<\/p>\n<p class=\"\">3.4. Az KT al\u00e1\u00edr\u00e1s\u00e1val a felek kifejezetten meg\u00e1llapodnak abban, hogy a megrendelt szolg\u00e1ltat\u00e1s\/ok\/ teljes\u00edt\u00e9s\u00e9hez &#8211; k\u00fcl\u00f6n\u00f6sen a fog\u00e1szati ell\u00e1t\u00e1shoz, a fogtechnikai tev\u00e9kenys\u00e9ghez, egy\u00e9b speci\u00e1lis orvosi beavatkoz\u00e1sokhoz, gy\u00f3gykezel\u00e9sekhez, vagy a Megrendel\u0151 \u00e1ltal k\u00edv\u00e1nt egy\u00e9b szolg\u00e1ltat\u00e1sokhoz &#8211; a Szolg\u00e1ltat\u00f3 alv\u00e1llalkoz\u00f3kat is ig\u00e9nybe vesz, akiknek a tev\u00e9kenys\u00e9g\u00e9\u00e9rt \u00fagy felel, mintha az alv\u00e1llalkoz\u00f3ira b\u00edzott tev\u00e9kenys\u00e9get saj\u00e1t maga l\u00e1tta volna el. A Szolg\u00e1ltat\u00f3 e k\u00f6zvet\u00edtett szolg\u00e1ltat\u00e1sokat is \u00e9rt\u00e9kes\u00edti v\u00e1ltozatlan form\u00e1ban a Megrendel\u0151 r\u00e9sz\u00e9re, melyet azonban saj\u00e1t d\u00f6nt\u00e9se alapj\u00e1n jogosult v\u00e1ltozatlan \u00e1ron, vagy kieg\u00e9sz\u00edtett d\u00edjjal jogosult tov\u00e1bb\u00e9rt\u00e9kes\u00edteni a Megrendel\u0151 fel\u00e9. Ennek megfelel\u0151en a kezel\u00e9s ellen\u00e9rt\u00e9k\u00e9r\u0151l ki\u00e1ll\u00edtott sz\u00e1mla k\u00f6zvet\u00edtett szolg\u00e1ltat\u00e1st (is) tartalmazhat.<\/p>\n<p class=\"\">3.5. A Szolg\u00e1ltat\u00f3 jogosult a KT-t, a Szerz\u0151d\u00e9st, az aj\u00e1nlatot m\u00f3dos\u00edtani, amennyiben a Megrendel\u0151 hi\u00e1nyosan vagy k\u00e9sedelmesen szolg\u00e1ltat adatot, vagy a KT m\u00f3dos\u00edt\u00e1sa orvosilag indokolt. A Szolg\u00e1ltat\u00f3 k\u00f6teles a Megrendel\u0151t a m\u00f3dos\u00edt\u00e1sr\u00f3l el\u0151zetesen t\u00e1j\u00e9koztatni.<\/p>\n<p class=\"\">3.6. A Szolg\u00e1ltat\u00f3 a tev\u00e9kenys\u00e9g\u00e9re ir\u00e1nyad\u00f3 jogszab\u00e1lyi, szakmai el\u0151\u00edr\u00e1sok betart\u00e1sa mellett megfelel\u0151 szak\u00e9rtelemmel, szakk\u00e9pes\u00edt\u00e9ssel rendelkez\u0151 fogszakorvosok, szakasszisztencia \u00e9s alv\u00e1llalkoz\u00f3k ig\u00e9nybev\u00e9tel\u00e9vel teljes\u00edti az KT szerint v\u00e1llalt szolg\u00e1ltat\u00e1s\/oka\/t, biztos\u00edtja az ehhez sz\u00fcks\u00e9ges fogtechnikai \u00e9s egy\u00e9b anyagokat a kezel\u00e9st ell\u00e1t\u00f3 fogorvos \u00e9s a Megrendel\u0151 \u00e1ltal egyeztetett id\u0151pontokban \u00e9s gyakoris\u00e1ggal.<\/p>\n<p class=\"\">3.7. Megrendel\u0151 k\u00f6teles a kezel\u00e9seken, a vizsg\u00e1latokon az el\u0151zetesen egyeztetett id\u0151pontban, arra alkalmas fizikai \u00e9s pszichikai \u00e1llapotban megjelenni. A Szolg\u00e1ltat\u00f3nak joga van a kezel\u00e9st megtagadni a Megrendel\u0151 el\u00e9gtelen egy\u00fcttm\u0171k\u00f6d\u00e9se, megv\u00e1ltozott eg\u00e9szs\u00e9g\u00fcgyi vagy ment\u00e1lis \u00e1llapota eset\u00e9n, valamint ha fizet\u00e9si k\u00f6telezetts\u00e9g\u00e9nek a Megrendel\u0151 nem tesz eleget. Ezekben az esetekben, a Megrendel\u0151 a Szolg\u00e1ltat\u00f3val szemben k\u00e1rig\u00e9nyt nem \u00e9rv\u00e9nyes\u00edthet.<\/p>\n<p class=\"\">3.8. A Megrendel\u0151 a kezel\u00e9st legk\u00e9s\u0151bb a kezel\u00e9s napj\u00e1t megel\u0151z\u0151 1 munkanappal e-mailben vagy telefonon mondhatja le. Ezen hat\u00e1rid\u0151 elmulaszt\u00e1sa eset\u00e9n a Megrendel\u0151 a kezel\u00e9st nem mondhatja le. Amennyiben a Megrendel\u0151 a lemond\u00e1s\u00e1t k\u00e9sve ny\u00fajtja be vagy lemond\u00f3 nyilatkozatot nem tesz, de a kezel\u00e9sen az el\u0151re egyeztetett id\u0151pontban nem jelenik meg, a Szolg\u00e1ltat\u00f3 k\u00f6vetelheti a Megrendel\u0151t\u0151l, hogy minden elmulasztott alkalom ut\u00e1n fizessen meg a Szolg\u00e1ltat\u00f3 r\u00e9sz\u00e9re 5000,-Ft lemond\u00e1si d\u00edjat.<\/p>\n<p class=\"\">3.9. A Megrendel\u0151 a Szolg\u00e1ltat\u00f3 \u00e1ltal ny\u00fajtott \u00e9s elv\u00e9gzett szolg\u00e1ltat\u00e1st k\u00f6vet\u0151en k\u00f6teles a gy\u00f3gykezel\u00e9s\u00e9vel kapcsolatban kapott rendelkez\u00e9seket betartani \u00e9s az el\u0151\u00edrt kontrollvizsg\u00e1latokon megjelenni.<\/p>\n<p class=\"\">3.10. A Szolg\u00e1ltat\u00f3 az \u00e1ltala ny\u00fajtott \u00e9s elv\u00e9gzett szolg\u00e1ltat\u00e1sra vonatkoz\u00f3an a jogszab\u00e1lyban el\u0151\u00edrt k\u00f6telez\u0151 eseteket \u00e9s az abban foglalt k\u00f6telez\u0151 id\u0151tartamot meghalad\u00f3an kiz\u00e1r\u00f3lag a KT mell\u00e9klet\u00e9t k\u00e9pz\u0151 j\u00f3t\u00e1ll\u00e1si felt\u00e9telek szerint v\u00e1llal j\u00f3t\u00e1ll\u00e1st.<\/p>\n<h3>4. A SZOLG\u00c1LTAT\u00c1S ELLEN\u00c9RT\u00c9KE<\/h3>\n<p class=\"\">4.1. A KT al\u00e1\u00edr\u00e1s\u00e1val a Megrendel\u0151 a KT-ben r\u00f6gz\u00edtett \u00e1raj\u00e1nlatot kifejezetten elfogadja \u00e9s a Megrendel\u0151 v\u00e1llalja a KT-ben r\u00f6gz\u00edtett d\u00edj megfizet\u00e9s\u00e9t. Amennyiben KT nem k\u00e9sz\u00fcl, vagy a KT-t a Megrendel\u0151 nem \u00edrja al\u00e1, de a kezel\u00e9s megt\u00f6rt\u00e9nik, vagy a KT az egyedi \u00e1raj\u00e1nlatot nem tartalmazza, \u00fagy a Szolg\u00e1ltat\u00f3 a kezel\u00e9s ig\u00e9nybev\u00e9telekor hat\u00e1lyos, a honlapj\u00e1n k\u00f6zz\u00e9tett \u00e9s az adott p\u00e1ciensre ir\u00e1nyad\u00f3 \u00e1rlist\u00e1ja alkalmazand\u00f3.<\/p>\n<p class=\"\">4.2. A Szolg\u00e1ltat\u00f3 az \u00e1rait minden esetben a p\u00e1cienseink egyedi ig\u00e9nyeikhez m\u00e9rten hat\u00e1rozza meg. A Szolg\u00e1ltat\u00f3 jogosult az adott p\u00e1ciensre ir\u00e1nyad\u00f3 \u00e1rlista keretei k\u00f6z\u00f6tt, a k\u00fclf\u00f6ldr\u0151l \u00e9rkez\u0151 Megrendel\u0151k r\u00f6vid tart\u00f3zkod\u00e1s\u00e1ra tekintettel sz\u00fcks\u00e9ges k\u00fcl\u00f6n\u00f6sen gyors \u00e9s komplex kezel\u00e9s, az esetlegesen r\u00e9szben k\u00fclf\u00f6ld\u00f6n v\u00e9gzett \u00e1llapotfelm\u00e9r\u00e9s, idegen nyelv\u0171 dokument\u00e1ci\u00f3 (sz\u00e1ml\u00e1k, eg\u00e9szs\u00e9g\u00fcgyi iratok) ki\u00e1ll\u00edt\u00e1sa, az utaz\u00e1ssal \u00e9s id\u0151pont foglal\u00e1ssal kapcsolatos \u00fcgyint\u00e9z\u00e9s, az idegen nyelven ny\u00fajtott szolg\u00e1ltat\u00e1sok, a telefonos konzult\u00e1ci\u00f3k, k\u00fclf\u00f6ldi biztos\u00edt\u00f3kkal t\u00f6rt\u00e9n\u0151 kapcsolattart\u00e1s, egyedi visszat\u00e9r\u00edt\u00e9si ig\u00e9nyek lebonyol\u00edt\u00e1sa, j\u00f3t\u00e1ll\u00e1si ig\u00e9nyek k\u00fclf\u00f6ld\u00f6n t\u00f6rt\u00e9n\u0151 \u00e9rv\u00e9nyes\u00edt\u00e9s\u00e9nek koordin\u00e1l\u00e1sa, a folyamatos idegen nyelv\u0171 kapcsolattart\u00e1s \u00e9s a kiemelked\u0151en hat\u00e9kony kezel\u00e9si k\u00f6rnyezet kialak\u00edt\u00e1sa miatt d\u00edjszab\u00e1s\u00e1t minden esetben egyedileg a Megrendel\u0151 helyzet\u00e9hez \u00e9s ig\u00e9nyeihez alak\u00edtani.<\/p>\n<p class=\"\">4.3. A Szolg\u00e1ltat\u00f3 a 3.5. pont szerint jogosult a KT-t\u0151l \u00f6n\u00e1ll\u00f3an elt\u00e9rni, azonban jelent\u0151sebb elt\u00e9r\u00e9sek eset\u00e9n k\u00f6teles el\u0151zetesen a Megrendel\u0151vel egyeztetni. A fentiek szerint m\u00f3dosult KT-vel egy\u00fctt a kalkul\u00e1lt \u00e1raj\u00e1nlat is m\u00f3dosulhat a beavatkoz\u00e1s val\u00f3s k\u00f6lts\u00e9geinek f\u00fcggv\u00e9ny\u00e9ben.<\/p>\n<p class=\"\">4.4. A kezel\u00e9s illetve az egyes anyagok d\u00edja a KT illetve a Szerz\u0151d\u00e9s szerint fizetend\u0151. A KT-ben meghat\u00e1rozott d\u00edj- \u00e9s anyagk\u00f6lts\u00e9gek 6 h\u00f3napig \u00e9rv\u00e9nyesek, ezt k\u00f6vet\u0151en a Szolg\u00e1ltat\u00f3 jogosult a d\u00edj-, \u00e9s anyagk\u00f6lts\u00e9g megv\u00e1ltoztat\u00e1s\u00e1ra. Ett\u0151l f\u00fcggetlen\u00fcl a KT-ben el\u0151ir\u00e1nyzott d\u00edjt\u00e9telek \u2013 a 3.5. \u00e9s a 4.3 pont szerinti esetekben \u2013 a kezel\u00e9s befejez\u00e9s\u00e9ig m\u00f3dosulhatnak a kezel\u00e9s sor\u00e1n el\u0151\u00e1ll\u00f3 szakmai okok, pl. el\u0151re nem l\u00e1that\u00f3 beavatkoz\u00e1sok, gy\u00f3gy\u00edt\u00f3 tev\u00e9kenys\u00e9g miatt is. Az elv\u00e9gzett kezel\u00e9sek konkr\u00e9t d\u00edjt\u00e9telei, a kezel\u00e9sekhez felhaszn\u00e1lt anyagok, a k\u00f6zvet\u00edtett szolg\u00e1ltat\u00e1sok k\u00f6lts\u00e9gei a KT-ben, illetve a kezel\u00e9sek befejez\u00e9sekor ker\u00fclnek r\u00f6gz\u00edt\u00e9sre.<\/p>\n<p class=\"\">4.5. A Szolg\u00e1ltat\u00f3 jogosult KT-ben le\u00edrt anyagokt\u00f3l \u00e9s technol\u00f3gi\u00e1kt\u00f3l elt\u00e9r\u0151 kivitelre vonatkoz\u00f3, vagy egy\u00e9b a Megrendel\u0151 ig\u00e9nyeinek teljes\u00edt\u00e9s\u00e9b\u0151l sz\u00e1rmaz\u00f3 t\u00f6bbletk\u00f6lts\u00e9geket \u00e9rv\u00e9nyes\u00edteni.<\/p>\n<p class=\"\">4.6. Megrendel\u0151 az egyes kezel\u00e9s\/ek\/ befejez\u00e9sekor a sz\u00e1mla al\u00e1\u00edr\u00e1s\u00e1val igazolja a Szolg\u00e1ltat\u00f3 teljes\u00edt\u00e9s\u00e9t, mely tartalmazza a Szolg\u00e1ltat\u00f3 szolg\u00e1ltat\u00e1sainak, az anyagk\u00f6lts\u00e9geinek, a teljes\u00edt\u00e9s\u00e9hez k\u00f6t\u0151d\u0151 k\u00f6zvet\u00edtett szolg\u00e1ltat\u00e1sok ellen\u00e9rt\u00e9k\u00e9t. A sz\u00e1mla al\u00e1\u00edr\u00e1s\u00e1val a Megrendel\u0151 a Szolg\u00e1ltat\u00f3 szerz\u0151d\u00e9sszer\u0171 teljes\u00edt\u00e9s\u00e9t \u00e9s a fizet\u00e9si k\u00f6telezetts\u00e9ggel j\u00e1r\u00f3 a sz\u00e1mla \u00e1tv\u00e9tel\u00e9t igazolja. A szolg\u00e1ltat\u00e1s a sz\u00e1mla Megrendel\u0151 \u00e1ltali 5 al\u00e1\u00edr\u00e1sa n\u00e9lk\u00fcl is teljes\u00edtettnek tekintend\u0151, amennyiben a KT-ban foglaltak megval\u00f3sultak \u00e9s a kezel\u00e9s orvosilag befejezettnek tekintend\u0151.<\/p>\n<p class=\"\">4.7. A Szolg\u00e1ltat\u00f3 \u00e1ltal ki\u00e1ll\u00edtott sz\u00e1mla tartalmazza a fizet\u00e9si k\u00f6telezetts\u00e9g teljes\u00edt\u00e9s\u00e9nek m\u00f3dj\u00e1t \u00e9s hat\u00e1ridej\u00e9t. A Szolg\u00e1ltat\u00f3 a Megrendel\u0151 k\u00e9sedelmes teljes\u00edt\u00e9se eset\u00e9n jogosult t\u00f6rv\u00e9nyes k\u00e9sedelmi kamat felsz\u00e1m\u00edt\u00e1s\u00e1ra, valamint megfelel\u0151 jogi elj\u00e1r\u00e1s kezdem\u00e9nyez\u00e9s\u00e9re.<\/p>\n<h3>5. A SZERZ\u0150D\u00c9S ID\u0150TARTAMA<\/h3>\n<p class=\"\">5.1. Amennyiben a KT m\u00e1st nem tartalmaz, a Szerz\u0151d\u00e9st a felek hat\u00e1rozatlan id\u0151re k\u00f6tik meg, amely id\u0151tartam alatt az egyes kezel\u00e9sek, anyagok, k\u00f6zvet\u00edtett szolg\u00e1ltat\u00e1sok megrendel\u00e9s\u00e9re, teljes\u00edt\u00e9s\u00e9re jelen \u00c1SZF felt\u00e9telei szerint ker\u00fcl sor az aktualiz\u00e1lt KT-ben r\u00f6gz\u00edtett felt\u00e9telek szerint.<\/p>\n<h3>6. TITOKTART\u00c1S, ADATV\u00c9DELEM<\/h3>\n<p class=\"\">6.1. Szolg\u00e1ltat\u00f3t \u00e9s a szem\u00e9lyzet\u00e9t, k\u00f6zrem\u0171k\u00f6d\u0151it a Megrendel\u0151 eg\u00e9szs\u00e9gi \u00e1llapot\u00e1val kapcsolatos, valamint az eg\u00e9szs\u00e9g\u00fcgyi szolg\u00e1ltat\u00e1s ny\u00fajt\u00e1sa sor\u00e1n tudom\u00e1s\u00e1ra jutott adat \u00e9s egy\u00e9b t\u00e9ny vonatkoz\u00e1s\u00e1ban (a tov\u00e1bbiakban: Orvosi titok), id\u0151beli korl\u00e1toz\u00e1s n\u00e9lk\u00fcl titoktart\u00e1si k\u00f6telezetts\u00e9g terhel, f\u00fcggetlen\u00fcl att\u00f3l, hogy az adatokat k\u00f6zvetlen\u00fcl a Megrendel\u0151t\u0151l, a Megrendel\u0151 vizsg\u00e1lata vagy gy\u00f3gykezel\u00e9se sor\u00e1n, illetve k\u00f6zvetetten az eg\u00e9szs\u00e9g\u00fcgyi dokument\u00e1ci\u00f3b\u00f3l vagy b\u00e1rmely m\u00e1s m\u00f3don ismerte meg. Az Orvosi titok csak az arra jogosulttal k\u00f6z\u00f6lhet\u0151. A titoktart\u00e1si k\u00f6telezetts\u00e9g nem vonatkozik arra esetre, ha ez al\u00f3l a Megrendel\u0151 felment\u00e9st adott vagy jogszab\u00e1ly az adat szolg\u00e1ltat\u00e1s\u00e1nak k\u00f6telezetts\u00e9g\u00e9t \u00edrja el\u0151. A jelen pontban foglalt titoktart\u00e1si k\u00f6telezetts\u00e9g korl\u00e1tlan ideig \u00e1ll fenn.<\/p>\n<p class=\"\">6.2. A Szolg\u00e1ltat\u00f3 a szolg\u00e1ltat\u00e1sai teljes\u00edt\u00e9se sor\u00e1n a birtok\u00e1ba ker\u00fclt szem\u00e9lyes adatokat az inform\u00e1ci\u00f3s \u00f6nrendelkez\u00e9si jogr\u00f3l \u00e9s az inform\u00e1ci\u00f3szabads\u00e1gr\u00f3l 2011. \u00e9vi CXII. t\u00f6rv\u00e9ny, tov\u00e1bb\u00e1 az eg\u00e9szs\u00e9g\u00fcgyi \u00e9s a hozz\u00e1juk kapcsol\u00f3d\u00f3 szem\u00e9lyes adatok kezel\u00e9s\u00e9r\u0151l \u00e9s v\u00e9delm\u00e9r\u0151l sz\u00f3l\u00f3 1997. \u00e9vi XLVII. t\u00f6rv\u00e9ny \u00e9s az egy\u00e9b vonatkoz\u00f3 jogszab\u00e1lyok ir\u00e1nyad\u00f3 rendelkez\u00e9seinek megfelel\u0151en kezeli. Az adatv\u00e9delemmel kapcsolatos rendelkez\u00e9seket a Szolg\u00e1ltat\u00f3 honlapj\u00e1n k\u00f6zz\u00e9tett 6 Adatv\u00e9delmi T\u00e1j\u00e9koztat\u00f3ja tartalmazza, mely a jelen \u00c1SZF elv\u00e1laszthatatlan mell\u00e9klet\u00e9t k\u00e9pezi.<\/p>\n<h3>7. EGY\u00c9B RENDELKEZ\u00c9SEK<\/h3>\n<p class=\"\">7.1. Szolg\u00e1ltat\u00f3 \u00fagy nyilatkozik, hogy a k\u00e9pviselet\u00e9ben a KT-t al\u00e1\u00edr\u00f3 szem\u00e9ly al\u00e1\u00edr\u00e1sra jogosult.<\/p>\n<p class=\"\">7.2. A Szolg\u00e1ltat\u00f3 biztos\u00edtja, hogy jelen \u00c1SZF-et a p\u00e1ciensek m\u00e9g a jogviszony l\u00e9trej\u00f6tte el\u0151tt megismerhess\u00e9k. Az \u00c1SZF nyilv\u00e1nos, azt b\u00e1rki megtekintheti \u00e9s megismerheti.<\/p>\n<p class=\"\">7.3. A Szolg\u00e1ltat\u00f3 fenntartja a jogot jelen \u00c1SZF m\u00f3dos\u00edt\u00e1s\u00e1ra. A m\u00f3dos\u00edt\u00e1st a Szolg\u00e1ltat\u00f3 a p\u00e1ciensforgalom sz\u00e1m\u00e1ra nyitva \u00e1ll\u00f3 helyis\u00e9geiben, tov\u00e1bb\u00e1 internetes honlapj\u00e1n teszi k\u00f6zz\u00e9. A Megrendel\u0151 k\u00f6teles minden egyes \u00fajabb megrendel\u00e9s megad\u00e1s\u00e1t, illet\u0151leg a Szolg\u00e1ltat\u00e1s ig\u00e9nybev\u00e9tel\u00e9t megel\u0151z\u0151en megbizonyosodni az akkor hat\u00e1lyos \u00c1SZF rendelkez\u00e9seir\u0151l, ide \u00e9rtve az esetlegesen m\u00f3dosult rendelkez\u00e9seket is.<\/p>\n<p class=\"\">7.4. Amennyiben jelen \u00c1SZF egyes rendelkez\u00e9sei \u00e9rv\u00e9nytelenek vagy v\u00e9grehajthatatlanok lenn\u00e9nek, vagy azz\u00e1 v\u00e1ln\u00e1nak, \u00fagy ez nem \u00e9rinti az \u00c1SZF t\u00f6bbi r\u00e9sz\u00e9nek \u00e9rv\u00e9nyess\u00e9g\u00e9t vagy hat\u00e1ly\u00e1t. Ezen esetben azok a szab\u00e1lyoz\u00e1sok \u00e9rv\u00e9nyesek, melyek legink\u00e1bb megfelelnek a felek akarat\u00e1nak \u00e9s c\u00e9lkit\u0171z\u00e9s\u00e9nek.<\/p>\n<p class=\"\">7.5. A Szerz\u0151d\u00e9sben nem szab\u00e1lyozott k\u00e9rd\u00e9sekben a magyar jog, k\u00fcl\u00f6n\u00f6sen a Polg\u00e1ri T\u00f6rv\u00e9nyk\u00f6nyvr\u0151l sz\u00f3l\u00f3 2013. \u00e9vi V. t\u00f6rv\u00e9ny \u00e9s az eg\u00e9szs\u00e9g\u00fcgyr\u0151l sz\u00f3l\u00f3 1997. CLIV. t\u00f6rv\u00e9ny vonatkoz\u00f3 rendelkez\u00e9sei ir\u00e1nyad\u00f3k.<\/p>\n<p class=\"\">7.6. A Szolg\u00e1ltat\u00f3 nyilv\u00e1nos helyis\u00e9g\u00e9ben kif\u00fcggeszti a betegjogi k\u00e9pvisel\u0151 el\u00e9rhet\u0151s\u00e9g\u00e9t. A Megrendel\u0151 a betegjogi k\u00e9pvisel\u0151n\u00e9l tehet panaszt \u00e9s vehet ig\u00e9nybe jogorvoslatot a Szolg\u00e1ltat\u00f3 tev\u00e9kenys\u00e9ge sor\u00e1n \u0151t \u00e9rt s\u00e9relmek miatt.<\/p>\n<p class=\"\"><strong>A jelen \u00c1SZF 2018.09.01. napj\u00e1t\u00f3l a visszavon\u00e1sig, illetve m\u00f3dos\u00edt\u00e1sig hat\u00e1lyos.<\/strong><\/p>\n<\/div>\n<\/div>\n<\/div>\n<\/div>\n<\/div>\n<\/div>\n[\/vc_column_text][\/vc_column][\/vc_row]\n","protected":false},"excerpt":{"rendered":"[vc_row type=\"in_container\" full_screen_row_position=\"middle\" column_margin=\"default\" column_direction=\"default\" column_direction_tablet=\"default\" column_direction_phone=\"default\" scene_position=\"center\" text_color=\"dark\" text_align=\"left\" row_border_radius=\"none\" row_border_radius_applies=\"bg\" overlay_strength=\"0.3\" gradient_di...","protected":false},"author":1,"featured_media":0,"parent":0,"menu_order":0,"comment_status":"closed","ping_status":"open","template":"","meta":{"inline_featured_image":false,"footnotes":""},"class_list":["post-3645","page","type-page","status-publish"],"_links":{"self":[{"href":"https:\/\/www.cosmodent.hu\/da\/wp-json\/wp\/v2\/pages\/3645","targetHints":{"allow":["GET"]}}],"collection":[{"href":"https:\/\/www.cosmodent.hu\/da\/wp-json\/wp\/v2\/pages"}],"about":[{"href":"https:\/\/www.cosmodent.hu\/da\/wp-json\/wp\/v2\/types\/page"}],"author":[{"embeddable":true,"href":"https:\/\/www.cosmodent.hu\/da\/wp-json\/wp\/v2\/users\/1"}],"replies":[{"embeddable":true,"href":"https:\/\/www.cosmodent.hu\/da\/wp-json\/wp\/v2\/comments?post=3645"}],"version-history":[{"count":1,"href":"https:\/\/www.cosmodent.hu\/da\/wp-json\/wp\/v2\/pages\/3645\/revisions"}],"predecessor-version":[{"id":3646,"href":"https:\/\/www.cosmodent.hu\/da\/wp-json\/wp\/v2\/pages\/3645\/revisions\/3646"}],"wp:attachment":[{"href":"https:\/\/www.cosmodent.hu\/da\/wp-json\/wp\/v2\/media?parent=3645"}],"curies":[{"name":"wp","href":"https:\/\/api.w.org\/{rel}","templated":true}]}}